{"id":4877,"date":"2026-03-30T07:59:11","date_gmt":"2026-03-30T05:59:11","guid":{"rendered":"https:\/\/karzoproperty.hu\/?page_id=4877"},"modified":"2026-03-31T13:35:50","modified_gmt":"2026-03-31T11:35:50","slug":"kapcsolat","status":"publish","type":"page","link":"https:\/\/karzoproperty.hu\/en\/kapcsolat\/","title":{"rendered":"Kapcsolat"},"content":{"rendered":"<style>.elementor-4877 .elementor-element.elementor-element-36a1d645:not(.elementor-motion-effects-element-type-background), .elementor-4877 .elementor-element.elementor-element-36a1d645 > .elementor-motion-effects-container > .elementor-motion-effects-layer{background-image:url(\"https:\/\/karzoproperty.hu\/wp-content\/uploads\/2024\/02\/karzo_property_web_x.jpg\");background-position:center center;background-repeat:no-repeat;background-size:cover;}.elementor-4877 .elementor-element.elementor-element-36a1d645 > .elementor-background-overlay{background-color:#000000;opacity:0.72;transition:background 0.3s, border-radius 0.3s, opacity 0.3s;}.elementor-4877 .elementor-element.elementor-element-36a1d645{transition:background 0.3s, border 0.3s, border-radius 0.3s, box-shadow 0.3s;margin-top:-148px;margin-bottom:0px;padding:230px 0px 120px 0px;}.elementor-4877 .elementor-element.elementor-element-ea27b19.elementor-column > .elementor-widget-wrap{justify-content:center;}.elementor-4877 .elementor-element.elementor-element-3674182a{text-align:center;}.elementor-4877 .elementor-element.elementor-element-3674182a .elementor-heading-title{font-family:var( --e-global-typography-fa93100-font-family ), Sans-serif;font-size:var( --e-global-typography-fa93100-font-size );font-weight:var( --e-global-typography-fa93100-font-weight );line-height:var( --e-global-typography-fa93100-line-height );letter-spacing:var( --e-global-typography-fa93100-letter-spacing );word-spacing:var( --e-global-typography-fa93100-word-spacing );color:#FFFFFF;}.elementor-4877 .elementor-element.elementor-element-b5ea709{--display:flex;--margin-top:20px;--margin-bottom:20px;--margin-left:0px;--margin-right:0px;}@media(max-width:1024px){.elementor-4877 .elementor-element.elementor-element-3674182a .elementor-heading-title{font-size:var( --e-global-typography-fa93100-font-size );line-height:var( --e-global-typography-fa93100-line-height );letter-spacing:var( --e-global-typography-fa93100-letter-spacing );word-spacing:var( --e-global-typography-fa93100-word-spacing );}}@media(max-width:767px){.elementor-4877 .elementor-element.elementor-element-3674182a .elementor-heading-title{font-size:var( --e-global-typography-fa93100-font-size );line-height:var( --e-global-typography-fa93100-line-height );letter-spacing:var( --e-global-typography-fa93100-letter-spacing );word-spacing:var( --e-global-typography-fa93100-word-spacing );}.elementor-4877 .elementor-element.elementor-element-b5ea709{--padding-top:0px;--padding-bottom:10px;--padding-left:0px;--padding-right:0px;}}\/* Start custom CSS for heading, class: .elementor-element-8d1b428 *\/\/* ===== KARZO CONTACT \/ RESPONSIVE FIX ===== *\/\n\n.karzo-contact {\n  width: 100%;\n  max-width: 1180px;\n  margin: 0 auto;\n  padding: 0 24px;\n  display: grid;\n  grid-template-columns: minmax(0, 1fr) minmax(0, 1.05fr);\n  gap: 56px;\n  align-items: start;\n}\n\n.karzo-contact,\n.karzo-contact * {\n  box-sizing: border-box;\n}\n\n.karzo-contact br {\n  display: none !important;\n}\n\n.karzo-contact .wpcf7-form-control-wrap {\n  display: block;\n  width: 100%;\n  margin: 0 !important;\n  padding: 0 !important;\n}\n\n\/* ===== LEFT SIDE ===== *\/\n\n.karzo-contact__left {\n  text-align: left;\n  min-width: 0;\n}\n\n.karzo-contact__info {\n  display: flex;\n  flex-direction: column;\n  gap: 22px;\n  margin-bottom: 34px;\n  width: 100%;\n}\n\n.karzo-contact__info-box {\n  width: 100%;\n  max-width: 100%;\n  padding: 22px;\n  background: linear-gradient(180deg, #fffdfa 0%, #f8f4ec 100%);\n  border: 1px solid #ebe2d1;\n  border-radius: 18px;\n  display: flex;\n  flex-direction: column;\n  gap: 6px;\n}\n\n.karzo-contact__info-label {\n  display: block;\n  margin: 0;\n  font-size: 13px;\n  line-height: 1.2;\n  font-weight: 500;\n  color: #9a9a9a;\n}\n\n.karzo-contact__info-value {\n  display: block;\n  margin: 0;\n  font-size: 18px;\n  line-height: 1.35;\n  font-weight: 700;\n  color: #1f1f1f;\n  word-break: break-word;\n  overflow-wrap: anywhere;\n}\n\n\/* ===== BOOKING ===== *\/\n\n.karzo-contact__booking {\n  width: 100%;\n  max-width: 100%;\n  padding: 24px;\n  background: linear-gradient(180deg, #fffdfa 0%, #f8f4ec 100%);\n  border: 1px solid #ebe2d1;\n  border-radius: 18px;\n}\n\n.karzo-contact__booking-label {\n  margin: 0 0 10px 0;\n  font-size: 12px;\n  line-height: 1.2;\n  font-weight: 700;\n  letter-spacing: 0.16em;\n  text-transform: uppercase;\n  color: #c99200;\n}\n\n.karzo-contact__booking-text {\n  margin: 0 0 18px 0;\n  font-size: 15px;\n  line-height: 1.7;\n  color: #686868;\n}\n\n.karzo-contact__booking-button {\n  display: inline-flex;\n  align-items: center;\n  justify-content: center;\n  min-height: 48px;\n  max-width: 100%;\n  padding: 0 22px;\n  background: #d19400;\n  color: #ffffff !important;\n  text-decoration: none;\n  font-size: 13px;\n  line-height: 1;\n  font-weight: 700;\n  letter-spacing: 0.08em;\n  text-transform: uppercase;\n  border: none;\n  border-radius: 0;\n  text-align: center;\n}\n\n.karzo-contact__booking-button:hover,\n.karzo-contact__booking-button:focus,\n.karzo-contact__booking-button:active,\n.karzo-contact__booking-button:visited {\n  color: #ffffff !important;\n}\n\n.karzo-contact__booking-button:hover {\n  background: #b98200;\n}\n\n\/* ===== RIGHT SIDE \/ FORM ===== *\/\n\n.karzo-contact__right {\n  width: 100%;\n  min-width: 0;\n  background: #ffffff;\n  border: 1px solid #ebe7df;\n  border-radius: 24px;\n  padding: 30px;\n  padding-bottom: 20px !important;\n  box-shadow: 0 16px 36px rgba(0, 0, 0, 0.05);\n}\n\n.karzo-contact__form-grid {\n  display: grid;\n  grid-template-columns: minmax(0, 1fr) minmax(0, 1fr);\n  column-gap: 16px !important;\n  row-gap: 10px !important;\n}\n\n.karzo-contact__field {\n  margin: 0 !important;\n  padding: 0 !important;\n  min-width: 0;\n}\n\n.karzo-full {\n  grid-column: 1 \/ -1;\n}\n\n.karzo-contact__field > label {\n  display: block;\n  margin: 0 0 4px 0 !important;\n  padding: 0 !important;\n  font-size: 14px;\n  line-height: 1.2 !important;\n  font-weight: 600;\n  text-align: left !important;\n  color: #1c1c1c;\n}\n\n\/* CF7 resets *\/\n.karzo-contact__right .wpcf7 {\n  margin: 0 !important;\n}\n\n.karzo-contact__right .wpcf7-form {\n  margin: 0 !important;\n  padding: 0 !important;\n}\n\n.karzo-contact__right .wpcf7-form p {\n  margin: 0 !important;\n  padding: 0 !important;\n}\n\n.karzo-contact__right .wpcf7-form-control-wrap {\n  display: block !important;\n  width: 100%;\n  margin: 0 !important;\n  padding: 0 !important;\n}\n\n\/* form controls *\/\n.karzo-contact__right input[type=\"text\"],\n.karzo-contact__right input[type=\"email\"],\n.karzo-contact__right textarea,\n.karzo-contact__right .karzo-input,\n.karzo-contact__right .karzo-textarea,\n.karzo-contact__right .wpcf7-form-control:not(.wpcf7-submit) {\n  width: 100% !important;\n  max-width: 100%;\n  display: block !important;\n  margin: 0 !important;\n  border: 1px solid #ddd7cc;\n  border-radius: 14px;\n  background: #fffdfa;\n  color: #171717;\n  font-size: 15px;\n  font-family: inherit;\n  outline: none;\n  box-shadow: none;\n}\n\n.karzo-contact__right input[type=\"text\"],\n.karzo-contact__right input[type=\"email\"],\n.karzo-contact__right .karzo-input {\n  height: 48px;\n  padding: 0 14px !important;\n}\n\n.karzo-contact__right textarea,\n.karzo-contact__right .karzo-textarea {\n  min-height: 180px;\n  padding: 14px !important;\n  resize: vertical;\n}\n\n.karzo-contact__right input[type=\"text\"]:focus,\n.karzo-contact__right input[type=\"email\"]:focus,\n.karzo-contact__right textarea:focus {\n  border-color: #c99200;\n  box-shadow: 0 0 0 3px rgba(201, 146, 0, 0.12);\n  background: #ffffff;\n}\n\n\/* submit *\/\n.karzo-contact__actions {\n  grid-column: 1 \/ -1;\n  margin: 4px 0 0 0 !important;\n  padding: 0 !important;\n}\n\n.karzo-contact__right .wpcf7-submit,\n.karzo-btn {\n  display: flex !important;\n  align-items: center !important;\n  justify-content: center !important;\n  width: 100%;\n  min-height: 48px;\n  height: 48px;\n  margin: 0 !important;\n  padding: 0 24px !important;\n  border: none !important;\n  border-radius: 0 !important;\n  background: #d19400;\n  color: #ffffff !important;\n  font-size: 13px;\n  line-height: 1;\n  font-weight: 700;\n  letter-spacing: 0.09em;\n  text-transform: uppercase;\n  text-align: center !important;\n  box-shadow: none !important;\n  cursor: pointer;\n}\n\n.karzo-contact__right .wpcf7-submit:hover,\n.karzo-btn:hover {\n  background: #b98200;\n}\n\n\/* errors *\/\n.karzo-contact__right .wpcf7-not-valid {\n  border-color: #d63638 !important;\n}\n\n.karzo-contact__right .wpcf7-not-valid-tip {\n  margin-top: 6px !important;\n  font-size: 12px;\n  line-height: 1.4;\n  color: #d63638;\n}\n\n.karzo-contact__right .wpcf7-response-output {\n  grid-column: 1 \/ -1;\n  margin: 8px 0 0 0 !important;\n  padding: 10px 12px !important;\n  border-radius: 12px;\n  font-size: 13px;\n}\n\n\/* ===== TABLET ===== *\/\n\n@media (max-width: 980px) {\n  .karzo-contact {\n    grid-template-columns: 1fr;\n    gap: 32px;\n    padding: 0 20px;\n  }\n\n  .karzo-contact__left,\n  .karzo-contact__right {\n    width: 100%;\n    max-width: 100%;\n  }\n}\n\n\/* ===== MOBILE ===== *\/\n\n@media (max-width: 640px) {\n  .karzo-contact {\n    padding: 0 16px;\n    gap: 24px;\n  }\n\n  .karzo-contact__info {\n    gap: 16px;\n    margin-bottom: 24px;\n  }\n\n  .karzo-contact__info-box,\n  .karzo-contact__booking {\n    padding: 18px;\n    border-radius: 16px;\n  }\n\n  .karzo-contact__info-value {\n    font-size: 17px;\n  }\n\n  .karzo-contact__booking-button,\n  .karzo-contact__right .wpcf7-submit,\n  .karzo-btn {\n    width: 100%;\n  }\n\n  .karzo-contact__right {\n    padding: 20px 18px 18px 18px;\n    border-radius: 20px;\n  }\n\n  .karzo-contact__form-grid {\n    grid-template-columns: 1fr;\n    column-gap: 0 !important;\n    row-gap: 10px !important;\n  }\n\n  .karzo-full {\n    grid-column: auto;\n  }\n\n  .karzo-contact__right textarea,\n  .karzo-contact__right .karzo-textarea {\n    min-height: 160px;\n  }\n}\n\n\/* ===== HERO TEXT FIX ===== *\/\n\n.karzo-contact__eyebrow {\n  font-size: 12px;\n  font-weight: 700;\n  letter-spacing: 0.16em;\n  text-transform: uppercase;\n  color: #c99200;\n  margin: 0 0 12px 0;\n}\n\n.karzo-contact__title {\n  font-size: 40px !important;\n  line-height: 1.15 !important;\n  font-weight: 700;\n  margin: 0 0 16px 0;\n  color: #111;\n  max-width: 520px;\n}\n\n.karzo-contact__desc {\n  font-size: 15px !important;\n  line-height: 1.7 !important;\n  color: #6f6f6f;\n  margin: 0 0 28px 0;\n  max-width: 480px;\n  font-weight: 400 !important;\n}\/* End custom CSS *\/<\/style>\t\t<div data-elementor-type=\"wp-page\" data-elementor-id=\"4877\" class=\"elementor elementor-4877\" data-elementor-post-type=\"page\">\n\t\t\t\t\t\t<section class=\"elementor-section elementor-top-section elementor-element elementor-element-36a1d645 elementor-section-boxed elementor-section-height-default elementor-section-height-default\" data-id=\"36a1d645\" data-element_type=\"section\" data-e-type=\"section\" data-settings=\"{&quot;background_background&quot;:&quot;classic&quot;}\">\n\t\t\t\t\t\t\t<div class=\"elementor-background-overlay\"><\/div>\n\t\t\t\t\t\t\t<div class=\"elementor-container elementor-column-gap-no\">\n\t\t\t\t\t<div class=\"elementor-column elementor-col-100 elementor-top-column elementor-element elementor-element-ea27b19\" data-id=\"ea27b19\" data-element_type=\"column\" data-e-type=\"column\">\n\t\t\t<div class=\"elementor-widget-wrap elementor-element-populated\">\n\t\t\t\t\t\t<div class=\"elementor-element elementor-element-3674182a elementor-widget elementor-widget-heading\" data-id=\"3674182a\" data-element_type=\"widget\" data-e-type=\"widget\" data-widget_type=\"heading.default\">\n\t\t\t\t<div class=\"elementor-widget-container\">\n\t\t\t\t\t<h2 class=\"elementor-heading-title elementor-size-default\">Apartments<\/h2>\t\t\t\t<\/div>\n\t\t\t\t<\/div>\n\t\t\t\t\t<\/div>\n\t\t<\/div>\n\t\t\t\t\t<\/div>\n\t\t<\/section>\n\t\t<div class=\"elementor-element elementor-element-b5ea709 e-flex e-con-boxed e-con e-parent\" data-id=\"b5ea709\" data-element_type=\"container\" data-e-type=\"container\">\n\t\t\t\t\t<div class=\"e-con-inner\">\n\t\t\t\t<div class=\"elementor-element elementor-element-8d1b428 elementor-widget elementor-widget-heading\" data-id=\"8d1b428\" data-element_type=\"widget\" data-e-type=\"widget\" data-widget_type=\"heading.default\">\n\t\t\t\t<div class=\"elementor-widget-container\">\n\t\t\t\t\t<h2 class=\"elementor-heading-title elementor-size-default\">\n<div class=\"wpcf7 no-js\" id=\"wpcf7-f4886-o1\" lang=\"hu-HU\" dir=\"ltr\" data-wpcf7-id=\"4886\">\n<div class=\"screen-reader-response\"><p role=\"status\" aria-live=\"polite\" aria-atomic=\"true\"><\/p> <ul><\/ul><\/div>\n<form action=\"\/en\/wp-json\/wp\/v2\/pages\/4877#wpcf7-f4886-o1\" method=\"post\" class=\"wpcf7-form init\" aria-label=\"Kapcsolatfelv\u00e9teli \u0171rlap\" novalidate=\"novalidate\" data-status=\"init\" data-trp-original-action=\"\/en\/wp-json\/wp\/v2\/pages\/4877#wpcf7-f4886-o1\">\n<fieldset class=\"hidden-fields-container\"><input type=\"hidden\" name=\"_wpcf7\" value=\"4886\" \/><input type=\"hidden\" name=\"_wpcf7_version\" value=\"6.1.5\" \/><input type=\"hidden\" name=\"_wpcf7_locale\" value=\"hu_HU\" \/><input type=\"hidden\" name=\"_wpcf7_unit_tag\" value=\"wpcf7-f4886-o1\" \/><input type=\"hidden\" name=\"_wpcf7_container_post\" value=\"0\" \/><input type=\"hidden\" name=\"_wpcf7_posted_data_hash\" value=\"\" \/><input type=\"hidden\" name=\"_wpcf7_recaptcha_response\" value=\"\" \/>\n<\/fieldset>\n<div class=\"karzo-contact\">\n\t<div class=\"karzo-contact__left\">\n\t\t<div class=\"karzo-contact__eyebrow\">\n\t\t\t<p>Kapcsolat\n\t\t\t<\/p>\n\t\t<\/div>\n\t\t<h2 class=\"karzo-contact__title\"><br \/>\nL\u00e9pj vel\u00fcnk kapcsolatba\n\t\t<\/h2>\n\t\t<p class=\"karzo-contact__desc\"><br \/>\nHa k\u00e9rd\u00e9sed van lak\u00e1sainkkal, foglal\u00e1ssal vagy egyedi ig\u00e9nyekkel kapcsolatban,<br \/>\n\u00edrj nek\u00fcnk bizalommal, \u00e9s hamarosan felvessz\u00fck veled a kapcsolatot.\n\t\t<\/p>\n\t\t<div class=\"karzo-contact__info\">\n\t\t\t<div class=\"karzo-contact__info-box\">\n\t\t\t\t<p><span class=\"karzo-contact__info-label\">E-mail:<\/span><br \/>\n<span class=\"karzo-contact__info-value\">karzoproperties@gmail.com<\/span>\n\t\t\t\t<\/p>\n\t\t\t<\/div>\n\t\t\t<div class=\"karzo-contact__info-box\">\n\t\t\t\t<p><span class=\"karzo-contact__info-label\">Telefon:<\/span><br \/>\n<span class=\"karzo-contact__info-value\">+36-70\/609-9339<\/span>\n\t\t\t\t<\/p>\n\t\t\t<\/div>\n\t\t<\/div>\n\t\t<div class=\"karzo-contact__booking\">\n\t\t\t<div class=\"karzo-contact__booking-label\">\n\t\t\t\t<p>BOOKING\n\t\t\t\t<\/p>\n\t\t\t<\/div>\n\t\t\t<p class=\"karzo-contact__booking-text\"><br \/>\nTekintsd meg el\u00e9rhet\u0151 lak\u00e1sainkat, \u00e9s foglalj online gyorsan, egyszer\u0171en.\n\t\t\t<\/p>\n\t\t\t<p><a class=\"karzo-contact__booking-button\" href=\"https:\/\/ibe.sabeeapp.com\/v3\/p\/Karzo-Property?p=7a765221a63cd878\"><br \/>\nEl\u00e9rhet\u0151 lak\u00e1sok megtekint\u00e9se<br \/>\n<\/a>\n\t\t\t<\/p>\n\t\t<\/div>\n\t<\/div>\n\t<div class=\"karzo-contact__right\">\n\t\t<div class=\"karzo-contact__form-grid\">\n\t\t\t<div class=\"karzo-contact__field\">\n\t\t\t\t<p><label for=\"your-name\">Teljes n\u00e9v<\/label><br \/>\n<span class=\"wpcf7-form-control-wrap\" data-name=\"your-name\"><input size=\"40\" maxlength=\"400\" class=\"wpcf7-form-control wpcf7-text wpcf7-validates-as-required karzo-input\" id=\"your-name\" aria-required=\"true\" aria-invalid=\"false\" value=\"\" type=\"text\" name=\"your-name\" \/><\/span>\n\t\t\t\t<\/p>\n\t\t\t<\/div>\n\t\t\t<div class=\"karzo-contact__field\">\n\t\t\t\t<p><label for=\"your-email\">E-mail<\/label><br \/>\n<span class=\"wpcf7-form-control-wrap\" data-name=\"your-email\"><input size=\"40\" maxlength=\"400\" class=\"wpcf7-form-control wpcf7-email wpcf7-validates-as-required wpcf7-text wpcf7-validates-as-email karzo-input\" id=\"your-email\" aria-required=\"true\" aria-invalid=\"false\" value=\"\" type=\"email\" name=\"your-email\" \/><\/span>\n\t\t\t\t<\/p>\n\t\t\t<\/div>\n\t\t\t<div class=\"karzo-contact__field karzo-full\">\n\t\t\t\t<p><label for=\"your-subject\">T\u00e1rgy<\/label><br \/>\n<span class=\"wpcf7-form-control-wrap\" data-name=\"your-subject\"><input size=\"40\" maxlength=\"400\" class=\"wpcf7-form-control wpcf7-text wpcf7-validates-as-required karzo-input\" id=\"your-subject\" aria-required=\"true\" aria-invalid=\"false\" value=\"\" type=\"text\" name=\"your-subject\" \/><\/span>\n\t\t\t\t<\/p>\n\t\t\t<\/div>\n\t\t\t<div class=\"karzo-contact__field karzo-full\">\n\t\t\t\t<p><label for=\"your-message\">\u00cdrd meg \u00fczeneted<\/label><br \/>\n<span class=\"wpcf7-form-control-wrap\" data-name=\"your-message\"><textarea cols=\"40\" rows=\"10\" maxlength=\"2000\" class=\"wpcf7-form-control wpcf7-textarea wpcf7-validates-as-required karzo-textarea\" id=\"your-message\" aria-required=\"true\" aria-invalid=\"false\" name=\"your-message\"><\/textarea><\/span>\n\t\t\t\t<\/p>\n\t\t\t<\/div>\n\t\t\t<div class=\"karzo-contact__actions\">\n\t\t\t\t<p><input class=\"wpcf7-form-control wpcf7-submit has-spinner karzo-btn\" type=\"submit\" value=\"\u00dcZENET K\u00dcLD\u00c9SE\" \/>\n\t\t\t\t<\/p>\n\t\t\t<\/div>\n\t\t<\/div>\n\t<\/div>\n<\/div><div class=\"wpcf7-response-output\" aria-hidden=\"true\"><\/div>\n<input type=\"hidden\" name=\"trp-form-language\" value=\"en\"\/><\/form>\n<\/div>\n<\/h2>\t\t\t\t<\/div>\n\t\t\t\t<\/div>\n\t\t\t\t\t<\/div>\n\t\t\t\t<\/div>\n\t\t\t\t<\/div>","protected":false},"excerpt":{"rendered":"<p>Apartments<\/p>","protected":false},"author":1,"featured_media":0,"parent":0,"menu_order":0,"comment_status":"closed","ping_status":"closed","template":"elementor_header_footer","meta":{"footnotes":""},"class_list":["post-4877","page","type-page","status-publish","hentry"],"_links":{"self":[{"href":"https:\/\/karzoproperty.hu\/en\/wp-json\/wp\/v2\/pages\/4877","targetHints":{"allow":["GET"]}}],"collection":[{"href":"https:\/\/karzoproperty.hu\/en\/wp-json\/wp\/v2\/pages"}],"about":[{"href":"https:\/\/karzoproperty.hu\/en\/wp-json\/wp\/v2\/types\/page"}],"author":[{"embeddable":true,"href":"https:\/\/karzoproperty.hu\/en\/wp-json\/wp\/v2\/users\/1"}],"replies":[{"embeddable":true,"href":"https:\/\/karzoproperty.hu\/en\/wp-json\/wp\/v2\/comments?post=4877"}],"version-history":[{"count":86,"href":"https:\/\/karzoproperty.hu\/en\/wp-json\/wp\/v2\/pages\/4877\/revisions"}],"predecessor-version":[{"id":5060,"href":"https:\/\/karzoproperty.hu\/en\/wp-json\/wp\/v2\/pages\/4877\/revisions\/5060"}],"wp:attachment":[{"href":"https:\/\/karzoproperty.hu\/en\/wp-json\/wp\/v2\/media?parent=4877"}],"curies":[{"name":"wp","href":"https:\/\/api.w.org\/{rel}","templated":true}]}}